{"id":43,"date":"2022-10-31T20:51:39","date_gmt":"2022-10-31T20:51:39","guid":{"rendered":"https:\/\/ajs.co.at\/wordpress\/?page_id=43"},"modified":"2022-11-30T14:10:04","modified_gmt":"2022-11-30T14:10:04","slug":"impressum","status":"publish","type":"page","link":"https:\/\/ajs.co.at\/wordpress\/impressum\/","title":{"rendered":"Impressum"},"content":{"rendered":"\n<p class=\"has-black-color has-text-color\">Diese Seiten sind geistiges Eigentum der&nbsp;<strong>Fa. AJS&nbsp;Reinigungsunternehmen OG<\/strong>&nbsp;und d\u00fcrfen nicht ohne schriftliche Best\u00e4tigung weiterverwendet werden.<br><br><strong>AJS Reinigungsunternehmen OG<\/strong><br><strong>Am Heumarkt 7\/5\/47<\/strong><br><strong>A-1030 Wien<\/strong><br><br><strong>Tel.:<\/strong>&nbsp;+43 664 5102018<br><strong>Fax:<\/strong> +43 1 96 65 071<br><strong>E-Mail:<\/strong>&nbsp;offi&#99;&#101;&#64;&#97;&#106;&#x73;&#x2e;&#x63;&#x6f;&#x2e;&#x61;&#x74;<br><strong>Url.:<\/strong>&nbsp;www.ajs.co.at<\/p>\n\n\n\n<p class=\"has-black-color has-text-color\"><strong>UID: &nbsp;<\/strong>ATU66571612<br><strong>GISA-Zahl:<\/strong> 25888324<br><br><strong>Firmenbuchnummer:<\/strong>&nbsp;FN 363761v<br><strong>Firmenbuchgericht:<\/strong>&nbsp;Handelsgericht Wien<br><strong>Beh\u00f6rde gem. ECG:<\/strong>&nbsp;Magistratisches Bezirksamt des&nbsp;III. Bezirkes<br><strong>Kammerzugeh\u00f6rigkeit:<\/strong>&nbsp;Wirtschaftskammer&nbsp;\u00d6sterreich,&nbsp;Denkmal-, Fassaden- und Geb\u00e4udereinigung<br><br>Gewerberechtliche Gesch\u00e4ftsf\u00fchrung: Adam Szymczyk<br>Verantwortlich f\u00fcr den Inhalt:&nbsp;Adam Szymczyk<\/p>\n\n\n\n<p>Zugang zu Gewerbe- oder Berufsrechtlichen Vorschriften:<br>Berufsrechtliche Vorschriften finden Sie im Rechtsinformationssystem des Bundes unter&nbsp;<a href=\"https:\/\/www.ris.bka.gv.at\/\">http:\/\/www.ris.bka.gv.at<\/a><\/p>\n\n\n\n<p>Plattform der Europ\u00e4ischen Kommission zur Online-Streitbeilegung (OS) f\u00fcr Verbraucher:&nbsp;<a href=\"https:\/\/ec.europa.eu\/consumers\/odr\/\" target=\"_blank\" rel=\"noreferrer noopener\">https:\/\/ec.europa.eu\/consumers\/odr\/<\/a>. Wir sind nicht bereit und nicht verpflichtet an einem Streitbeilegungsverfahren vor einer Verbraucherschlichtungsstelle teilzunehmen.<\/p>\n\n\n\n<figure class=\"wp-block-image size-medium\"><a href=\"https:\/\/firmen.wko.at\/DetailsKontakt.aspx?FirmaID=432a57ed-9765-427e-9a89-e3be422908bd\" target=\"_blank\" rel=\"noreferrer noopener\"><img loading=\"lazy\" decoding=\"async\" width=\"300\" height=\"71\" src=\"https:\/\/ajs.co.at\/wordpress\/wp-content\/uploads\/2022\/10\/logo-wko-300x71.png\" alt=\"\" class=\"wp-image-44\" srcset=\"https:\/\/ajs.co.at\/wordpress\/wp-content\/uploads\/2022\/10\/logo-wko-300x71.png 300w, https:\/\/ajs.co.at\/wordpress\/wp-content\/uploads\/2022\/10\/logo-wko.png 480w\" sizes=\"auto, (max-width: 300px) 100vw, 300px\" \/><\/a><figcaption class=\"wp-element-caption\">https:\/\/firmen.wko.at\/DetailsKontakt.aspx?FirmaID=432a57ed-9765-427e-9a89-e3be422908bd<\/figcaption><\/figure>\n\n\n\n<h4 class=\"wp-block-heading\">Webdesign &amp; Umsetzung:<\/h4>\n\n\n\n<div class=\"wp-block-columns is-layout-flex wp-container-core-columns-is-layout-d7d455e7 wp-block-columns-is-layout-flex\" style=\"border-style:none;border-width:0px;padding-top:0;padding-right:0;padding-bottom:0;padding-left:0\">\n<div class=\"wp-block-column is-layout-flow wp-block-column-is-layout-flow\" style=\"flex-basis:50%\">\n<p>plug Computer &#8211; Inh. Robert Jirout<br>Email:<a href=\"javascript:linkTo_UnCryptMailto('nbjmup+bohfmjlb\/ibvnfsAhny\/bu');\"> <\/a><a href=\"m&#97;&#x69;&#x6c;&#x74;o&#58;&#111;&#x66;&#x66;i&#99;&#101;&#x40;&#x70;lu&#103;&#x2e;&#x61;&#x74;\">office(at)plug.at<\/a><\/p>\n<\/div>\n\n\n\n<div class=\"wp-block-column is-layout-flow wp-block-column-is-layout-flow\" style=\"flex-basis:50%\">\n<p>diascannen.at &#8211; Thomas Szeitz<br>Email: <a href=\"&#109;a&#x69;l&#x74;o&#x3a;o&#x66;&#102;&#x69;&#99;&#x65;&#64;&#x64;&#105;a&#115;c&#x61;n&#x6e;e&#x6e;&#46;&#x61;&#116;\">office(at)diascannen.at<\/a><\/p>\n<\/div>\n<\/div>\n","protected":false},"excerpt":{"rendered":"<p>Diese Seiten sind geistiges Eigentum der&nbsp;Fa. AJS&nbsp;Reinigungsunternehmen OG&nbsp;und d\u00fcrfen nicht ohne schriftliche Best\u00e4tigung weiterverwendet werden. AJS Reinigungsunternehmen OGAm Heumarkt 7\/5\/47A-1030 Wien Tel.:&nbsp;+43 664 5102018Fax: +43 1 96 65 071E-Mail:&nbsp;&#x6f;&#102;f&#x69;&#99;e&#x40;&#97;j&#x73;&#x2e;&#99;&#x6f;&#x2e;&#97;tUrl.:&nbsp;www.ajs.co.at UID: &nbsp;ATU66571612GISA-Zahl: 25888324 Firmenbuchnummer:&nbsp;FN 363761vFirmenbuchgericht:&nbsp;Handelsgericht WienBeh\u00f6rde gem. ECG:&nbsp;Magistratisches Bezirksamt des&nbsp;III. BezirkesKammerzugeh\u00f6rigkeit:&nbsp;Wirtschaftskammer&nbsp;\u00d6sterreich,&nbsp;Denkmal-, Fassaden- und Geb\u00e4udereinigung Gewerberechtliche Gesch\u00e4ftsf\u00fchrung: Adam SzymczykVerantwortlich f\u00fcr den Inhalt:&nbsp;Adam Szymczyk Zugang zu Gewerbe- oder [&hellip;]<\/p>\n","protected":false},"author":1,"featured_media":0,"parent":0,"menu_order":0,"comment_status":"closed","ping_status":"closed","template":"","meta":{"site-sidebar-layout":"default","site-content-layout":"","ast-site-content-layout":"default","site-content-style":"default","site-sidebar-style":"default","ast-global-header-display":"","ast-banner-title-visibility":"","ast-main-header-display":"","ast-hfb-above-header-display":"","ast-hfb-below-header-display":"","ast-hfb-mobile-header-display":"","site-post-title":"","ast-breadcrumbs-content":"","ast-featured-img":"","footer-sml-layout":"","ast-disable-related-posts":"","theme-transparent-header-meta":"","adv-header-id-meta":"","stick-header-meta":"","header-above-stick-meta":"","header-main-stick-meta":"","header-below-stick-meta":"","astra-migrate-meta-layouts":"default","ast-page-background-enabled":"default","ast-page-background-meta":{"desktop":{"background-color":"var(--ast-global-color-4)","background-image":"","background-repeat":"repeat","background-position":"center center","background-size":"auto","background-attachment":"scroll","background-type":"","background-media":"","overlay-type":"","overlay-color":"","overlay-opacity":"","overlay-gradient":""},"tablet":{"background-color":"","background-image":"","background-repeat":"repeat","background-position":"center center","background-size":"auto","background-attachment":"scroll","background-type":"","background-media":"","overlay-type":"","overlay-color":"","overlay-opacity":"","overlay-gradient":""},"mobile":{"background-color":"","background-image":"","background-repeat":"repeat","background-position":"center center","background-size":"auto","background-attachment":"scroll","background-type":"","background-media":"","overlay-type":"","overlay-color":"","overlay-opacity":"","overlay-gradient":""}},"ast-content-background-meta":{"desktop":{"background-color":"var(--ast-global-color-5)","background-image":"","background-repeat":"repeat","background-position":"center center","background-size":"auto","background-attachment":"scroll","background-type":"","background-media":"","overlay-type":"","overlay-color":"","overlay-opacity":"","overlay-gradient":""},"tablet":{"background-color":"var(--ast-global-color-5)","background-image":"","background-repeat":"repeat","background-position":"center center","background-size":"auto","background-attachment":"scroll","background-type":"","background-media":"","overlay-type":"","overlay-color":"","overlay-opacity":"","overlay-gradient":""},"mobile":{"background-color":"var(--ast-global-color-5)","background-image":"","background-repeat":"repeat","background-position":"center center","background-size":"auto","background-attachment":"scroll","background-type":"","background-media":"","overlay-type":"","overlay-color":"","overlay-opacity":"","overlay-gradient":""}},"footnotes":""},"class_list":["post-43","page","type-page","status-publish","hentry"],"yoast_head":"<!-- This site is optimized with the Yoast SEO plugin v27.3 - https:\/\/yoast.com\/product\/yoast-seo-wordpress\/ -->\n<title>Impressum - AJS Reinigungsunternehmen OG<\/title>\n<meta name=\"robots\" content=\"index, follow, max-snippet:-1, max-image-preview:large, max-video-preview:-1\" \/>\n<link rel=\"canonical\" href=\"https:\/\/ajs.co.at\/wordpress\/impressum\/\" \/>\n<meta property=\"og:locale\" content=\"de_DE\" \/>\n<meta property=\"og:type\" content=\"article\" \/>\n<meta property=\"og:title\" content=\"Impressum - AJS Reinigungsunternehmen OG\" \/>\n<meta property=\"og:description\" content=\"Diese Seiten sind geistiges Eigentum der&nbsp;Fa. AJS&nbsp;Reinigungsunternehmen OG&nbsp;und d\u00fcrfen nicht ohne schriftliche Best\u00e4tigung weiterverwendet werden. AJS Reinigungsunternehmen OGAm Heumarkt 7\/5\/47A-1030 Wien Tel.:&nbsp;+43 664 5102018Fax: +43 1 96 65 071E-Mail:&nbsp;&#x6f;f&#x66;&#105;&#x63;&#101;&#064;&#x61;&#106;&#x73;&#046;c&#x6f;&#046;&#x61;&#116;Url.:&nbsp;www.ajs.co.at UID: &nbsp;ATU66571612GISA-Zahl: 25888324 Firmenbuchnummer:&nbsp;FN 363761vFirmenbuchgericht:&nbsp;Handelsgericht WienBeh\u00f6rde gem. ECG:&nbsp;Magistratisches Bezirksamt des&nbsp;III. BezirkesKammerzugeh\u00f6rigkeit:&nbsp;Wirtschaftskammer&nbsp;\u00d6sterreich,&nbsp;Denkmal-, Fassaden- und Geb\u00e4udereinigung Gewerberechtliche Gesch\u00e4ftsf\u00fchrung: Adam SzymczykVerantwortlich f\u00fcr den Inhalt:&nbsp;Adam Szymczyk Zugang zu Gewerbe- oder [&hellip;]\" \/>\n<meta property=\"og:url\" content=\"https:\/\/ajs.co.at\/wordpress\/impressum\/\" \/>\n<meta property=\"og:site_name\" content=\"AJS Reinigungsunternehmen OG\" \/>\n<meta property=\"article:modified_time\" content=\"2022-11-30T14:10:04+00:00\" \/>\n<meta property=\"og:image\" content=\"https:\/\/ajs.co.at\/wordpress\/wp-content\/uploads\/2022\/10\/logo-wko-300x71.png\" \/>\n<meta name=\"twitter:card\" content=\"summary_large_image\" \/>\n<meta name=\"twitter:label1\" content=\"Gesch\u00e4tzte Lesezeit\" \/>\n\t<meta name=\"twitter:data1\" content=\"1\u00a0Minute\" \/>\n<script type=\"application\/ld+json\" class=\"yoast-schema-graph\">{\"@context\":\"https:\\\/\\\/schema.org\",\"@graph\":[{\"@type\":\"WebPage\",\"@id\":\"https:\\\/\\\/ajs.co.at\\\/wordpress\\\/impressum\\\/\",\"url\":\"https:\\\/\\\/ajs.co.at\\\/wordpress\\\/impressum\\\/\",\"name\":\"Impressum - AJS Reinigungsunternehmen OG\",\"isPartOf\":{\"@id\":\"https:\\\/\\\/ajs.co.at\\\/wordpress\\\/#website\"},\"primaryImageOfPage\":{\"@id\":\"https:\\\/\\\/ajs.co.at\\\/wordpress\\\/impressum\\\/#primaryimage\"},\"image\":{\"@id\":\"https:\\\/\\\/ajs.co.at\\\/wordpress\\\/impressum\\\/#primaryimage\"},\"thumbnailUrl\":\"https:\\\/\\\/ajs.co.at\\\/wordpress\\\/wp-content\\\/uploads\\\/2022\\\/10\\\/logo-wko-300x71.png\",\"datePublished\":\"2022-10-31T20:51:39+00:00\",\"dateModified\":\"2022-11-30T14:10:04+00:00\",\"breadcrumb\":{\"@id\":\"https:\\\/\\\/ajs.co.at\\\/wordpress\\\/impressum\\\/#breadcrumb\"},\"inLanguage\":\"de\",\"potentialAction\":[{\"@type\":\"ReadAction\",\"target\":[\"https:\\\/\\\/ajs.co.at\\\/wordpress\\\/impressum\\\/\"]}]},{\"@type\":\"ImageObject\",\"inLanguage\":\"de\",\"@id\":\"https:\\\/\\\/ajs.co.at\\\/wordpress\\\/impressum\\\/#primaryimage\",\"url\":\"https:\\\/\\\/ajs.co.at\\\/wordpress\\\/wp-content\\\/uploads\\\/2022\\\/10\\\/logo-wko-300x71.png\",\"contentUrl\":\"https:\\\/\\\/ajs.co.at\\\/wordpress\\\/wp-content\\\/uploads\\\/2022\\\/10\\\/logo-wko-300x71.png\"},{\"@type\":\"BreadcrumbList\",\"@id\":\"https:\\\/\\\/ajs.co.at\\\/wordpress\\\/impressum\\\/#breadcrumb\",\"itemListElement\":[{\"@type\":\"ListItem\",\"position\":1,\"name\":\"Startseite\",\"item\":\"https:\\\/\\\/ajs.co.at\\\/wordpress\\\/\"},{\"@type\":\"ListItem\",\"position\":2,\"name\":\"Impressum\"}]},{\"@type\":\"WebSite\",\"@id\":\"https:\\\/\\\/ajs.co.at\\\/wordpress\\\/#website\",\"url\":\"https:\\\/\\\/ajs.co.at\\\/wordpress\\\/\",\"name\":\"AJS Reinigungsunternehmen OG\",\"description\":\"Reinigung ist Vertrauenssache!\",\"publisher\":{\"@id\":\"https:\\\/\\\/ajs.co.at\\\/wordpress\\\/#organization\"},\"potentialAction\":[{\"@type\":\"SearchAction\",\"target\":{\"@type\":\"EntryPoint\",\"urlTemplate\":\"https:\\\/\\\/ajs.co.at\\\/wordpress\\\/?s={search_term_string}\"},\"query-input\":{\"@type\":\"PropertyValueSpecification\",\"valueRequired\":true,\"valueName\":\"search_term_string\"}}],\"inLanguage\":\"de\"},{\"@type\":\"Organization\",\"@id\":\"https:\\\/\\\/ajs.co.at\\\/wordpress\\\/#organization\",\"name\":\"AJS Reinigungsunternehmen OG\",\"url\":\"https:\\\/\\\/ajs.co.at\\\/wordpress\\\/\",\"logo\":{\"@type\":\"ImageObject\",\"inLanguage\":\"de\",\"@id\":\"https:\\\/\\\/ajs.co.at\\\/wordpress\\\/#\\\/schema\\\/logo\\\/image\\\/\",\"url\":\"https:\\\/\\\/ajs.co.at\\\/wordpress\\\/wp-content\\\/uploads\\\/2022\\\/11\\\/AJS_Logo_ohne-Text_rgb.png\",\"contentUrl\":\"https:\\\/\\\/ajs.co.at\\\/wordpress\\\/wp-content\\\/uploads\\\/2022\\\/11\\\/AJS_Logo_ohne-Text_rgb.png\",\"width\":248,\"height\":149,\"caption\":\"AJS Reinigungsunternehmen OG\"},\"image\":{\"@id\":\"https:\\\/\\\/ajs.co.at\\\/wordpress\\\/#\\\/schema\\\/logo\\\/image\\\/\"}}]}<\/script>\n<!-- \/ Yoast SEO plugin. -->","yoast_head_json":{"title":"Impressum - AJS Reinigungsunternehmen OG","robots":{"index":"index","follow":"follow","max-snippet":"max-snippet:-1","max-image-preview":"max-image-preview:large","max-video-preview":"max-video-preview:-1"},"canonical":"https:\/\/ajs.co.at\/wordpress\/impressum\/","og_locale":"de_DE","og_type":"article","og_title":"Impressum - AJS Reinigungsunternehmen OG","og_description":"Diese Seiten sind geistiges Eigentum der&nbsp;Fa. AJS&nbsp;Reinigungsunternehmen OG&nbsp;und d\u00fcrfen nicht ohne schriftliche Best\u00e4tigung weiterverwendet werden. AJS Reinigungsunternehmen OGAm Heumarkt 7\/5\/47A-1030 Wien Tel.:&nbsp;+43 664 5102018Fax: +43 1 96 65 071E-Mail:&nbsp;&#x6f;f&#x66;&#105;&#x63;&#101;&#64;&#x61;&#106;&#x73;&#46;c&#x6f;&#46;&#x61;&#116;Url.:&nbsp;www.ajs.co.at UID: &nbsp;ATU66571612GISA-Zahl: 25888324 Firmenbuchnummer:&nbsp;FN 363761vFirmenbuchgericht:&nbsp;Handelsgericht WienBeh\u00f6rde gem. ECG:&nbsp;Magistratisches Bezirksamt des&nbsp;III. BezirkesKammerzugeh\u00f6rigkeit:&nbsp;Wirtschaftskammer&nbsp;\u00d6sterreich,&nbsp;Denkmal-, Fassaden- und Geb\u00e4udereinigung Gewerberechtliche Gesch\u00e4ftsf\u00fchrung: Adam SzymczykVerantwortlich f\u00fcr den Inhalt:&nbsp;Adam Szymczyk Zugang zu Gewerbe- oder [&hellip;]","og_url":"https:\/\/ajs.co.at\/wordpress\/impressum\/","og_site_name":"AJS Reinigungsunternehmen OG","article_modified_time":"2022-11-30T14:10:04+00:00","og_image":[{"url":"https:\/\/ajs.co.at\/wordpress\/wp-content\/uploads\/2022\/10\/logo-wko-300x71.png","type":"","width":"","height":""}],"twitter_card":"summary_large_image","twitter_misc":{"Gesch\u00e4tzte Lesezeit":"1\u00a0Minute"},"schema":{"@context":"https:\/\/schema.org","@graph":[{"@type":"WebPage","@id":"https:\/\/ajs.co.at\/wordpress\/impressum\/","url":"https:\/\/ajs.co.at\/wordpress\/impressum\/","name":"Impressum - AJS Reinigungsunternehmen OG","isPartOf":{"@id":"https:\/\/ajs.co.at\/wordpress\/#website"},"primaryImageOfPage":{"@id":"https:\/\/ajs.co.at\/wordpress\/impressum\/#primaryimage"},"image":{"@id":"https:\/\/ajs.co.at\/wordpress\/impressum\/#primaryimage"},"thumbnailUrl":"https:\/\/ajs.co.at\/wordpress\/wp-content\/uploads\/2022\/10\/logo-wko-300x71.png","datePublished":"2022-10-31T20:51:39+00:00","dateModified":"2022-11-30T14:10:04+00:00","breadcrumb":{"@id":"https:\/\/ajs.co.at\/wordpress\/impressum\/#breadcrumb"},"inLanguage":"de","potentialAction":[{"@type":"ReadAction","target":["https:\/\/ajs.co.at\/wordpress\/impressum\/"]}]},{"@type":"ImageObject","inLanguage":"de","@id":"https:\/\/ajs.co.at\/wordpress\/impressum\/#primaryimage","url":"https:\/\/ajs.co.at\/wordpress\/wp-content\/uploads\/2022\/10\/logo-wko-300x71.png","contentUrl":"https:\/\/ajs.co.at\/wordpress\/wp-content\/uploads\/2022\/10\/logo-wko-300x71.png"},{"@type":"BreadcrumbList","@id":"https:\/\/ajs.co.at\/wordpress\/impressum\/#breadcrumb","itemListElement":[{"@type":"ListItem","position":1,"name":"Startseite","item":"https:\/\/ajs.co.at\/wordpress\/"},{"@type":"ListItem","position":2,"name":"Impressum"}]},{"@type":"WebSite","@id":"https:\/\/ajs.co.at\/wordpress\/#website","url":"https:\/\/ajs.co.at\/wordpress\/","name":"AJS Reinigungsunternehmen OG","description":"Reinigung ist Vertrauenssache!","publisher":{"@id":"https:\/\/ajs.co.at\/wordpress\/#organization"},"potentialAction":[{"@type":"SearchAction","target":{"@type":"EntryPoint","urlTemplate":"https:\/\/ajs.co.at\/wordpress\/?s={search_term_string}"},"query-input":{"@type":"PropertyValueSpecification","valueRequired":true,"valueName":"search_term_string"}}],"inLanguage":"de"},{"@type":"Organization","@id":"https:\/\/ajs.co.at\/wordpress\/#organization","name":"AJS Reinigungsunternehmen OG","url":"https:\/\/ajs.co.at\/wordpress\/","logo":{"@type":"ImageObject","inLanguage":"de","@id":"https:\/\/ajs.co.at\/wordpress\/#\/schema\/logo\/image\/","url":"https:\/\/ajs.co.at\/wordpress\/wp-content\/uploads\/2022\/11\/AJS_Logo_ohne-Text_rgb.png","contentUrl":"https:\/\/ajs.co.at\/wordpress\/wp-content\/uploads\/2022\/11\/AJS_Logo_ohne-Text_rgb.png","width":248,"height":149,"caption":"AJS Reinigungsunternehmen OG"},"image":{"@id":"https:\/\/ajs.co.at\/wordpress\/#\/schema\/logo\/image\/"}}]}},"_links":{"self":[{"href":"https:\/\/ajs.co.at\/wordpress\/wp-json\/wp\/v2\/pages\/43","targetHints":{"allow":["GET"]}}],"collection":[{"href":"https:\/\/ajs.co.at\/wordpress\/wp-json\/wp\/v2\/pages"}],"about":[{"href":"https:\/\/ajs.co.at\/wordpress\/wp-json\/wp\/v2\/types\/page"}],"author":[{"embeddable":true,"href":"https:\/\/ajs.co.at\/wordpress\/wp-json\/wp\/v2\/users\/1"}],"replies":[{"embeddable":true,"href":"https:\/\/ajs.co.at\/wordpress\/wp-json\/wp\/v2\/comments?post=43"}],"version-history":[{"count":10,"href":"https:\/\/ajs.co.at\/wordpress\/wp-json\/wp\/v2\/pages\/43\/revisions"}],"predecessor-version":[{"id":174,"href":"https:\/\/ajs.co.at\/wordpress\/wp-json\/wp\/v2\/pages\/43\/revisions\/174"}],"wp:attachment":[{"href":"https:\/\/ajs.co.at\/wordpress\/wp-json\/wp\/v2\/media?parent=43"}],"curies":[{"name":"wp","href":"https:\/\/api.w.org\/{rel}","templated":true}]}}