{"id":41,"date":"2022-10-31T20:37:12","date_gmt":"2022-10-31T20:37:12","guid":{"rendered":"https:\/\/ajs.co.at\/wordpress\/?page_id=41"},"modified":"2022-10-31T20:37:12","modified_gmt":"2022-10-31T20:37:12","slug":"ueber-uns","status":"publish","type":"page","link":"https:\/\/ajs.co.at\/wordpress\/ueber-uns\/","title":{"rendered":"\u00dcber uns"},"content":{"rendered":"\n<figure class=\"wp-block-gallery has-nested-images columns-default is-cropped wp-block-gallery-1 is-layout-flex wp-block-gallery-is-layout-flex\">\n<figure class=\"wp-block-image size-large\"><img loading=\"lazy\" decoding=\"async\" width=\"700\" height=\"1049\" data-id=\"20\" src=\"https:\/\/ajs.co.at\/wordpress\/wp-content\/uploads\/2022\/10\/aboutus1.jpg\" alt=\"\" class=\"wp-image-20\" srcset=\"https:\/\/ajs.co.at\/wordpress\/wp-content\/uploads\/2022\/10\/aboutus1.jpg 700w, https:\/\/ajs.co.at\/wordpress\/wp-content\/uploads\/2022\/10\/aboutus1-200x300.jpg 200w, https:\/\/ajs.co.at\/wordpress\/wp-content\/uploads\/2022\/10\/aboutus1-683x1024.jpg 683w\" sizes=\"auto, (max-width: 700px) 100vw, 700px\" \/><\/figure>\n\n\n\n<figure class=\"wp-block-image size-large\"><img loading=\"lazy\" decoding=\"async\" width=\"700\" height=\"1049\" data-id=\"19\" src=\"https:\/\/ajs.co.at\/wordpress\/wp-content\/uploads\/2022\/10\/aboutus2.jpg\" alt=\"\" class=\"wp-image-19\" srcset=\"https:\/\/ajs.co.at\/wordpress\/wp-content\/uploads\/2022\/10\/aboutus2.jpg 700w, https:\/\/ajs.co.at\/wordpress\/wp-content\/uploads\/2022\/10\/aboutus2-200x300.jpg 200w, https:\/\/ajs.co.at\/wordpress\/wp-content\/uploads\/2022\/10\/aboutus2-683x1024.jpg 683w\" sizes=\"auto, (max-width: 700px) 100vw, 700px\" \/><\/figure>\n\n\n\n<figure class=\"wp-block-image size-large\"><img loading=\"lazy\" decoding=\"async\" width=\"700\" height=\"1049\" data-id=\"18\" src=\"https:\/\/ajs.co.at\/wordpress\/wp-content\/uploads\/2022\/10\/aboutus3.jpg\" alt=\"\" class=\"wp-image-18\" srcset=\"https:\/\/ajs.co.at\/wordpress\/wp-content\/uploads\/2022\/10\/aboutus3.jpg 700w, https:\/\/ajs.co.at\/wordpress\/wp-content\/uploads\/2022\/10\/aboutus3-200x300.jpg 200w, https:\/\/ajs.co.at\/wordpress\/wp-content\/uploads\/2022\/10\/aboutus3-683x1024.jpg 683w\" sizes=\"auto, (max-width: 700px) 100vw, 700px\" \/><\/figure>\n<\/figure>\n\n\n\n<p>Nach 15 Jahren in einem Weltkonzern, seit 10 Jahren ein Familienunternehmen.<br><br>Die Firma AJS Reinigungsunternehmen OG bietet flexible und ma\u00dfgeschneiderte L\u00f6sungen f\u00fcr jeden Kunden im Bereich der \u201eSauberkeit\u201c und \u201eHygiene\u201c.<br><br>Ob Wohnh\u00e4user, B\u00fcros, Ordinationen, Privathaushalte, die Betreuung von Gr\u00fcnfl\u00e4chen oder Sonderreinigungen &#8211; wir finden die optimale L\u00f6sung f\u00fcr jeden Kundenwunsch. Wir arbeiten von Anfang an nach dem Motto:&nbsp;<strong>&#8222;Reinigung ist Vertrauenssache!&#8220;<\/strong>.<br><br>Und genau dieses Vertrauen m\u00f6chten wir Ihnen entgegen bringen. Gerne bieten wir Ihnen unsere Leistungen nach Ihren pers\u00f6nlichen Vorstellungen an und setzen dabei auf Zuverl\u00e4ssigkeit, Flexibilit\u00e4t und Diskretion. Jeder Kunde ist uns sehr wichtig!<br><br>Mag. Adam Szymczyk mit meinem Team<\/p>\n","protected":false},"excerpt":{"rendered":"<p>Nach 15 Jahren in einem Weltkonzern, seit 10 Jahren ein Familienunternehmen. Die Firma AJS Reinigungsunternehmen OG bietet flexible und ma\u00dfgeschneiderte L\u00f6sungen f\u00fcr jeden Kunden im Bereich der \u201eSauberkeit\u201c und \u201eHygiene\u201c. Ob Wohnh\u00e4user, B\u00fcros, Ordinationen, Privathaushalte, die Betreuung von Gr\u00fcnfl\u00e4chen oder Sonderreinigungen &#8211; wir finden die optimale L\u00f6sung f\u00fcr jeden Kundenwunsch. Wir arbeiten von Anfang an [&hellip;]<\/p>\n","protected":false},"author":1,"featured_media":0,"parent":0,"menu_order":0,"comment_status":"closed","ping_status":"closed","template":"","meta":{"site-sidebar-layout":"default","site-content-layout":"","ast-site-content-layout":"default","site-content-style":"default","site-sidebar-style":"default","ast-global-header-display":"","ast-banner-title-visibility":"","ast-main-header-display":"","ast-hfb-above-header-display":"","ast-hfb-below-header-display":"","ast-hfb-mobile-header-display":"","site-post-title":"","ast-breadcrumbs-content":"","ast-featured-img":"","footer-sml-layout":"","ast-disable-related-posts":"","theme-transparent-header-meta":"","adv-header-id-meta":"","stick-header-meta":"","header-above-stick-meta":"","header-main-stick-meta":"","header-below-stick-meta":"","astra-migrate-meta-layouts":"default","ast-page-background-enabled":"default","ast-page-background-meta":{"desktop":{"background-color":"var(--ast-global-color-4)","background-image":"","background-repeat":"repeat","background-position":"center center","background-size":"auto","background-attachment":"scroll","background-type":"","background-media":"","overlay-type":"","overlay-color":"","overlay-opacity":"","overlay-gradient":""},"tablet":{"background-color":"","background-image":"","background-repeat":"repeat","background-position":"center center","background-size":"auto","background-attachment":"scroll","background-type":"","background-media":"","overlay-type":"","overlay-color":"","overlay-opacity":"","overlay-gradient":""},"mobile":{"background-color":"","background-image":"","background-repeat":"repeat","background-position":"center center","background-size":"auto","background-attachment":"scroll","background-type":"","background-media":"","overlay-type":"","overlay-color":"","overlay-opacity":"","overlay-gradient":""}},"ast-content-background-meta":{"desktop":{"background-color":"var(--ast-global-color-5)","background-image":"","background-repeat":"repeat","background-position":"center center","background-size":"auto","background-attachment":"scroll","background-type":"","background-media":"","overlay-type":"","overlay-color":"","overlay-opacity":"","overlay-gradient":""},"tablet":{"background-color":"var(--ast-global-color-5)","background-image":"","background-repeat":"repeat","background-position":"center center","background-size":"auto","background-attachment":"scroll","background-type":"","background-media":"","overlay-type":"","overlay-color":"","overlay-opacity":"","overlay-gradient":""},"mobile":{"background-color":"var(--ast-global-color-5)","background-image":"","background-repeat":"repeat","background-position":"center center","background-size":"auto","background-attachment":"scroll","background-type":"","background-media":"","overlay-type":"","overlay-color":"","overlay-opacity":"","overlay-gradient":""}},"footnotes":""},"class_list":["post-41","page","type-page","status-publish","hentry"],"yoast_head":"<!-- This site is optimized with the Yoast SEO plugin v27.3 - https:\/\/yoast.com\/product\/yoast-seo-wordpress\/ -->\n<title>\u00dcber uns - AJS Reinigungsunternehmen OG<\/title>\n<meta name=\"robots\" content=\"index, follow, max-snippet:-1, max-image-preview:large, max-video-preview:-1\" \/>\n<link rel=\"canonical\" href=\"https:\/\/ajs.co.at\/wordpress\/ueber-uns\/\" \/>\n<meta property=\"og:locale\" content=\"de_DE\" \/>\n<meta property=\"og:type\" content=\"article\" \/>\n<meta property=\"og:title\" content=\"\u00dcber uns - AJS Reinigungsunternehmen OG\" \/>\n<meta property=\"og:description\" content=\"Nach 15 Jahren in einem Weltkonzern, seit 10 Jahren ein Familienunternehmen. Die Firma AJS Reinigungsunternehmen OG bietet flexible und ma\u00dfgeschneiderte L\u00f6sungen f\u00fcr jeden Kunden im Bereich der \u201eSauberkeit\u201c und \u201eHygiene\u201c. Ob Wohnh\u00e4user, B\u00fcros, Ordinationen, Privathaushalte, die Betreuung von Gr\u00fcnfl\u00e4chen oder Sonderreinigungen &#8211; wir finden die optimale L\u00f6sung f\u00fcr jeden Kundenwunsch. Wir arbeiten von Anfang an [&hellip;]\" \/>\n<meta property=\"og:url\" content=\"https:\/\/ajs.co.at\/wordpress\/ueber-uns\/\" \/>\n<meta property=\"og:site_name\" content=\"AJS Reinigungsunternehmen OG\" \/>\n<meta property=\"og:image\" content=\"https:\/\/ajs.co.at\/wordpress\/wp-content\/uploads\/2022\/10\/aboutus1.jpg\" \/>\n<meta name=\"twitter:card\" content=\"summary_large_image\" \/>\n<meta name=\"twitter:label1\" content=\"Gesch\u00e4tzte Lesezeit\" \/>\n\t<meta name=\"twitter:data1\" content=\"1\u00a0Minute\" \/>\n<script type=\"application\/ld+json\" class=\"yoast-schema-graph\">{\"@context\":\"https:\\\/\\\/schema.org\",\"@graph\":[{\"@type\":\"WebPage\",\"@id\":\"https:\\\/\\\/ajs.co.at\\\/wordpress\\\/ueber-uns\\\/\",\"url\":\"https:\\\/\\\/ajs.co.at\\\/wordpress\\\/ueber-uns\\\/\",\"name\":\"\u00dcber uns - AJS Reinigungsunternehmen OG\",\"isPartOf\":{\"@id\":\"https:\\\/\\\/ajs.co.at\\\/wordpress\\\/#website\"},\"primaryImageOfPage\":{\"@id\":\"https:\\\/\\\/ajs.co.at\\\/wordpress\\\/ueber-uns\\\/#primaryimage\"},\"image\":{\"@id\":\"https:\\\/\\\/ajs.co.at\\\/wordpress\\\/ueber-uns\\\/#primaryimage\"},\"thumbnailUrl\":\"https:\\\/\\\/ajs.co.at\\\/wordpress\\\/wp-content\\\/uploads\\\/2022\\\/10\\\/aboutus1.jpg\",\"datePublished\":\"2022-10-31T20:37:12+00:00\",\"breadcrumb\":{\"@id\":\"https:\\\/\\\/ajs.co.at\\\/wordpress\\\/ueber-uns\\\/#breadcrumb\"},\"inLanguage\":\"de\",\"potentialAction\":[{\"@type\":\"ReadAction\",\"target\":[\"https:\\\/\\\/ajs.co.at\\\/wordpress\\\/ueber-uns\\\/\"]}]},{\"@type\":\"ImageObject\",\"inLanguage\":\"de\",\"@id\":\"https:\\\/\\\/ajs.co.at\\\/wordpress\\\/ueber-uns\\\/#primaryimage\",\"url\":\"https:\\\/\\\/ajs.co.at\\\/wordpress\\\/wp-content\\\/uploads\\\/2022\\\/10\\\/aboutus1.jpg\",\"contentUrl\":\"https:\\\/\\\/ajs.co.at\\\/wordpress\\\/wp-content\\\/uploads\\\/2022\\\/10\\\/aboutus1.jpg\"},{\"@type\":\"BreadcrumbList\",\"@id\":\"https:\\\/\\\/ajs.co.at\\\/wordpress\\\/ueber-uns\\\/#breadcrumb\",\"itemListElement\":[{\"@type\":\"ListItem\",\"position\":1,\"name\":\"Startseite\",\"item\":\"https:\\\/\\\/ajs.co.at\\\/wordpress\\\/\"},{\"@type\":\"ListItem\",\"position\":2,\"name\":\"\u00dcber uns\"}]},{\"@type\":\"WebSite\",\"@id\":\"https:\\\/\\\/ajs.co.at\\\/wordpress\\\/#website\",\"url\":\"https:\\\/\\\/ajs.co.at\\\/wordpress\\\/\",\"name\":\"AJS Reinigungsunternehmen OG\",\"description\":\"Reinigung ist Vertrauenssache!\",\"publisher\":{\"@id\":\"https:\\\/\\\/ajs.co.at\\\/wordpress\\\/#organization\"},\"potentialAction\":[{\"@type\":\"SearchAction\",\"target\":{\"@type\":\"EntryPoint\",\"urlTemplate\":\"https:\\\/\\\/ajs.co.at\\\/wordpress\\\/?s={search_term_string}\"},\"query-input\":{\"@type\":\"PropertyValueSpecification\",\"valueRequired\":true,\"valueName\":\"search_term_string\"}}],\"inLanguage\":\"de\"},{\"@type\":\"Organization\",\"@id\":\"https:\\\/\\\/ajs.co.at\\\/wordpress\\\/#organization\",\"name\":\"AJS Reinigungsunternehmen OG\",\"url\":\"https:\\\/\\\/ajs.co.at\\\/wordpress\\\/\",\"logo\":{\"@type\":\"ImageObject\",\"inLanguage\":\"de\",\"@id\":\"https:\\\/\\\/ajs.co.at\\\/wordpress\\\/#\\\/schema\\\/logo\\\/image\\\/\",\"url\":\"https:\\\/\\\/ajs.co.at\\\/wordpress\\\/wp-content\\\/uploads\\\/2022\\\/11\\\/AJS_Logo_ohne-Text_rgb.png\",\"contentUrl\":\"https:\\\/\\\/ajs.co.at\\\/wordpress\\\/wp-content\\\/uploads\\\/2022\\\/11\\\/AJS_Logo_ohne-Text_rgb.png\",\"width\":248,\"height\":149,\"caption\":\"AJS Reinigungsunternehmen OG\"},\"image\":{\"@id\":\"https:\\\/\\\/ajs.co.at\\\/wordpress\\\/#\\\/schema\\\/logo\\\/image\\\/\"}}]}<\/script>\n<!-- \/ Yoast SEO plugin. -->","yoast_head_json":{"title":"\u00dcber uns - AJS Reinigungsunternehmen OG","robots":{"index":"index","follow":"follow","max-snippet":"max-snippet:-1","max-image-preview":"max-image-preview:large","max-video-preview":"max-video-preview:-1"},"canonical":"https:\/\/ajs.co.at\/wordpress\/ueber-uns\/","og_locale":"de_DE","og_type":"article","og_title":"\u00dcber uns - AJS Reinigungsunternehmen OG","og_description":"Nach 15 Jahren in einem Weltkonzern, seit 10 Jahren ein Familienunternehmen. Die Firma AJS Reinigungsunternehmen OG bietet flexible und ma\u00dfgeschneiderte L\u00f6sungen f\u00fcr jeden Kunden im Bereich der \u201eSauberkeit\u201c und \u201eHygiene\u201c. Ob Wohnh\u00e4user, B\u00fcros, Ordinationen, Privathaushalte, die Betreuung von Gr\u00fcnfl\u00e4chen oder Sonderreinigungen &#8211; wir finden die optimale L\u00f6sung f\u00fcr jeden Kundenwunsch. Wir arbeiten von Anfang an [&hellip;]","og_url":"https:\/\/ajs.co.at\/wordpress\/ueber-uns\/","og_site_name":"AJS Reinigungsunternehmen OG","og_image":[{"url":"https:\/\/ajs.co.at\/wordpress\/wp-content\/uploads\/2022\/10\/aboutus1.jpg","type":"","width":"","height":""}],"twitter_card":"summary_large_image","twitter_misc":{"Gesch\u00e4tzte Lesezeit":"1\u00a0Minute"},"schema":{"@context":"https:\/\/schema.org","@graph":[{"@type":"WebPage","@id":"https:\/\/ajs.co.at\/wordpress\/ueber-uns\/","url":"https:\/\/ajs.co.at\/wordpress\/ueber-uns\/","name":"\u00dcber uns - AJS Reinigungsunternehmen OG","isPartOf":{"@id":"https:\/\/ajs.co.at\/wordpress\/#website"},"primaryImageOfPage":{"@id":"https:\/\/ajs.co.at\/wordpress\/ueber-uns\/#primaryimage"},"image":{"@id":"https:\/\/ajs.co.at\/wordpress\/ueber-uns\/#primaryimage"},"thumbnailUrl":"https:\/\/ajs.co.at\/wordpress\/wp-content\/uploads\/2022\/10\/aboutus1.jpg","datePublished":"2022-10-31T20:37:12+00:00","breadcrumb":{"@id":"https:\/\/ajs.co.at\/wordpress\/ueber-uns\/#breadcrumb"},"inLanguage":"de","potentialAction":[{"@type":"ReadAction","target":["https:\/\/ajs.co.at\/wordpress\/ueber-uns\/"]}]},{"@type":"ImageObject","inLanguage":"de","@id":"https:\/\/ajs.co.at\/wordpress\/ueber-uns\/#primaryimage","url":"https:\/\/ajs.co.at\/wordpress\/wp-content\/uploads\/2022\/10\/aboutus1.jpg","contentUrl":"https:\/\/ajs.co.at\/wordpress\/wp-content\/uploads\/2022\/10\/aboutus1.jpg"},{"@type":"BreadcrumbList","@id":"https:\/\/ajs.co.at\/wordpress\/ueber-uns\/#breadcrumb","itemListElement":[{"@type":"ListItem","position":1,"name":"Startseite","item":"https:\/\/ajs.co.at\/wordpress\/"},{"@type":"ListItem","position":2,"name":"\u00dcber uns"}]},{"@type":"WebSite","@id":"https:\/\/ajs.co.at\/wordpress\/#website","url":"https:\/\/ajs.co.at\/wordpress\/","name":"AJS Reinigungsunternehmen OG","description":"Reinigung ist Vertrauenssache!","publisher":{"@id":"https:\/\/ajs.co.at\/wordpress\/#organization"},"potentialAction":[{"@type":"SearchAction","target":{"@type":"EntryPoint","urlTemplate":"https:\/\/ajs.co.at\/wordpress\/?s={search_term_string}"},"query-input":{"@type":"PropertyValueSpecification","valueRequired":true,"valueName":"search_term_string"}}],"inLanguage":"de"},{"@type":"Organization","@id":"https:\/\/ajs.co.at\/wordpress\/#organization","name":"AJS Reinigungsunternehmen OG","url":"https:\/\/ajs.co.at\/wordpress\/","logo":{"@type":"ImageObject","inLanguage":"de","@id":"https:\/\/ajs.co.at\/wordpress\/#\/schema\/logo\/image\/","url":"https:\/\/ajs.co.at\/wordpress\/wp-content\/uploads\/2022\/11\/AJS_Logo_ohne-Text_rgb.png","contentUrl":"https:\/\/ajs.co.at\/wordpress\/wp-content\/uploads\/2022\/11\/AJS_Logo_ohne-Text_rgb.png","width":248,"height":149,"caption":"AJS Reinigungsunternehmen OG"},"image":{"@id":"https:\/\/ajs.co.at\/wordpress\/#\/schema\/logo\/image\/"}}]}},"_links":{"self":[{"href":"https:\/\/ajs.co.at\/wordpress\/wp-json\/wp\/v2\/pages\/41","targetHints":{"allow":["GET"]}}],"collection":[{"href":"https:\/\/ajs.co.at\/wordpress\/wp-json\/wp\/v2\/pages"}],"about":[{"href":"https:\/\/ajs.co.at\/wordpress\/wp-json\/wp\/v2\/types\/page"}],"author":[{"embeddable":true,"href":"https:\/\/ajs.co.at\/wordpress\/wp-json\/wp\/v2\/users\/1"}],"replies":[{"embeddable":true,"href":"https:\/\/ajs.co.at\/wordpress\/wp-json\/wp\/v2\/comments?post=41"}],"version-history":[{"count":2,"href":"https:\/\/ajs.co.at\/wordpress\/wp-json\/wp\/v2\/pages\/41\/revisions"}],"predecessor-version":[{"id":131,"href":"https:\/\/ajs.co.at\/wordpress\/wp-json\/wp\/v2\/pages\/41\/revisions\/131"}],"wp:attachment":[{"href":"https:\/\/ajs.co.at\/wordpress\/wp-json\/wp\/v2\/media?parent=41"}],"curies":[{"name":"wp","href":"https:\/\/api.w.org\/{rel}","templated":true}]}}