{"id":37,"date":"2022-10-31T20:34:07","date_gmt":"2022-10-31T20:34:07","guid":{"rendered":"https:\/\/ajs.co.at\/wordpress\/?page_id=37"},"modified":"2022-11-09T13:15:27","modified_gmt":"2022-11-09T13:15:27","slug":"leistungen","status":"publish","type":"page","link":"https:\/\/ajs.co.at\/wordpress\/leistungen\/","title":{"rendered":"Leistungen"},"content":{"rendered":"\n<figure class=\"wp-block-gallery has-nested-images columns-default is-cropped wp-block-gallery-1 is-layout-flex wp-block-gallery-is-layout-flex\">\n<figure class=\"wp-block-image size-full\"><img loading=\"lazy\" decoding=\"async\" width=\"700\" height=\"1049\" data-id=\"12\" src=\"https:\/\/ajs.co.at\/wordpress\/wp-content\/uploads\/2022\/10\/leistungen1.jpg\" alt=\"\" class=\"wp-image-12\" srcset=\"https:\/\/ajs.co.at\/wordpress\/wp-content\/uploads\/2022\/10\/leistungen1.jpg 700w, https:\/\/ajs.co.at\/wordpress\/wp-content\/uploads\/2022\/10\/leistungen1-200x300.jpg 200w, https:\/\/ajs.co.at\/wordpress\/wp-content\/uploads\/2022\/10\/leistungen1-683x1024.jpg 683w\" sizes=\"auto, (max-width: 700px) 100vw, 700px\" \/><\/figure>\n\n\n\n<figure class=\"wp-block-image size-full\"><img loading=\"lazy\" decoding=\"async\" width=\"700\" height=\"1049\" data-id=\"11\" src=\"https:\/\/ajs.co.at\/wordpress\/wp-content\/uploads\/2022\/10\/leistungen2.jpg\" alt=\"\" class=\"wp-image-11\" srcset=\"https:\/\/ajs.co.at\/wordpress\/wp-content\/uploads\/2022\/10\/leistungen2.jpg 700w, https:\/\/ajs.co.at\/wordpress\/wp-content\/uploads\/2022\/10\/leistungen2-200x300.jpg 200w, https:\/\/ajs.co.at\/wordpress\/wp-content\/uploads\/2022\/10\/leistungen2-683x1024.jpg 683w\" sizes=\"auto, (max-width: 700px) 100vw, 700px\" \/><\/figure>\n\n\n\n<figure class=\"wp-block-image size-full\"><img loading=\"lazy\" decoding=\"async\" width=\"700\" height=\"927\" data-id=\"10\" src=\"https:\/\/ajs.co.at\/wordpress\/wp-content\/uploads\/2022\/10\/leistungen3.jpg\" alt=\"\" class=\"wp-image-10\" srcset=\"https:\/\/ajs.co.at\/wordpress\/wp-content\/uploads\/2022\/10\/leistungen3.jpg 700w, https:\/\/ajs.co.at\/wordpress\/wp-content\/uploads\/2022\/10\/leistungen3-227x300.jpg 227w\" sizes=\"auto, (max-width: 700px) 100vw, 700px\" \/><\/figure>\n<\/figure>\n\n\n\n<h3 class=\"wp-block-heading\"><\/h3>\n\n\n\n<p>Die AJS Reinigungsunternehmen OG bietet ein breitgef\u00e4chertes T\u00e4tigkeitsfeld an, immer in Abstimmung mit dem Kunden und an seine\/ihre W\u00fcnsche angepasst. Von der Liegenschaftsbetreuung bis hin zu Sonderreinigungen \u00fcbernimmt unser Team aus gut geschulten Mitarbeiterinnen und Mitarbeitern die von Ihnen gew\u00fcnschten Herausforderungen.<br><br>Hier ein Auszug unserer t\u00e4glichen Leistungen:<\/p>\n\n\n\n<ul class=\"wp-block-list\">\n<li>Liegenschaftsbetreuung inkl. Gr\u00fcnfl\u00e4chen: wir k\u00fcmmern uns um die Reinigung Ihrer Liegenschaft, achten darauf dass alle Gl\u00fchbirnen brennen, das Haus sauber ist und auch die Gr\u00fcnfl\u00e4chen gem\u00e4ht sowie B\u00e4ume zugeschnitten werden.<\/li>\n\n\n\n<li>Betreuung von B\u00fcros und Ordinationen: ob t\u00e4glich oder w\u00f6chentlich, w\u00e4hrend Ihrer \u00d6ffnungszeiten oder nachts. Wir halten Ihr B\u00fcro und Ihre Ordination nach Ihren Vorstellungen sauber und setzen bei der Reinigung auf modernste Mittel und Ger\u00e4te, passend zu Ihren Bed\u00fcrfnissen.<\/li>\n\n\n\n<li>Betreuung privater Haushalte: ganz gleich ob Sie eine einmalige Reinigung w\u00e4hrend des Umzugs, die w\u00f6chentliche Reinigung oder Hilfe beim Fr\u00fchjahrsputz ben\u00f6tigen &#8211; im Absprache mit Ihnen w\u00e4hlen wir die perfekte Person aus die ihr Zuhause zum Gl\u00e4nzen bringt.<\/li>\n\n\n\n<li>Fensterreinigung: von vermeintlich \u201aeinfachen\u2018 Fenstern bis hin zu verglasten Dachkuppeln k\u00fcmmern sich unsere Fachleute darum dass die Arbeiten effizient, sicher und schnell erledigt werden.<\/li>\n\n\n\n<li>Sonderreinigungen: Wenn der Keller entr\u00fcmpelt, die Wohnung nach Bauarbeiten gereinigt werden oder ein Graffiti entfernt muss, sind wir gerne da und nehmen Ihnen die Arbeiten ab die zeitlich oder logistisch selbst schwer zu erledigen sind.<\/li>\n<\/ul>\n\n\n\n<p>Wir unterst\u00fctzen Sie gerne bei allen Arbeiten rund um das Thema \u201aSauberkeit\u2018 und \u201aHygiene\u2018 und stellen dabei Sie und Ihre W\u00fcnsche in den Vordergrund.&nbsp;<em>Priorit\u00e4t sind hierbei die Werterhaltung sowie ein sauberes und angenehmes Umfeld bei jedem Einzelnen.<\/em><\/p>\n\n\n\n<p><br>Ausgezeichnet durch<\/p>\n\n\n\n<ul class=\"wp-block-list\">\n<li>vertrauensvolle Mitarbeiterinnen und Mitarbeiter<\/li>\n\n\n\n<li>Flexibilit\u00e4t und pers\u00f6nliche Betreuung sowie<\/li>\n\n\n\n<li>schnelle Reaktion bei akuten Anliegen<\/li>\n<\/ul>\n\n\n\n<p>erstellen wir auch f\u00fcr Sie gerne das passende Angebot!<\/p>\n","protected":false},"excerpt":{"rendered":"<p>Die AJS Reinigungsunternehmen OG bietet ein breitgef\u00e4chertes T\u00e4tigkeitsfeld an, immer in Abstimmung mit dem Kunden und an seine\/ihre W\u00fcnsche angepasst. Von der Liegenschaftsbetreuung bis hin zu Sonderreinigungen \u00fcbernimmt unser Team aus gut geschulten Mitarbeiterinnen und Mitarbeitern die von Ihnen gew\u00fcnschten Herausforderungen. Hier ein Auszug unserer t\u00e4glichen Leistungen: Wir unterst\u00fctzen Sie gerne bei allen Arbeiten rund [&hellip;]<\/p>\n","protected":false},"author":1,"featured_media":0,"parent":0,"menu_order":0,"comment_status":"closed","ping_status":"closed","template":"","meta":{"site-sidebar-layout":"default","site-content-layout":"","ast-site-content-layout":"default","site-content-style":"default","site-sidebar-style":"default","ast-global-header-display":"","ast-banner-title-visibility":"","ast-main-header-display":"","ast-hfb-above-header-display":"","ast-hfb-below-header-display":"","ast-hfb-mobile-header-display":"","site-post-title":"","ast-breadcrumbs-content":"","ast-featured-img":"","footer-sml-layout":"","ast-disable-related-posts":"","theme-transparent-header-meta":"","adv-header-id-meta":"","stick-header-meta":"","header-above-stick-meta":"","header-main-stick-meta":"","header-below-stick-meta":"","astra-migrate-meta-layouts":"default","ast-page-background-enabled":"default","ast-page-background-meta":{"desktop":{"background-color":"var(--ast-global-color-4)","background-image":"","background-repeat":"repeat","background-position":"center center","background-size":"auto","background-attachment":"scroll","background-type":"","background-media":"","overlay-type":"","overlay-color":"","overlay-opacity":"","overlay-gradient":""},"tablet":{"background-color":"","background-image":"","background-repeat":"repeat","background-position":"center center","background-size":"auto","background-attachment":"scroll","background-type":"","background-media":"","overlay-type":"","overlay-color":"","overlay-opacity":"","overlay-gradient":""},"mobile":{"background-color":"","background-image":"","background-repeat":"repeat","background-position":"center center","background-size":"auto","background-attachment":"scroll","background-type":"","background-media":"","overlay-type":"","overlay-color":"","overlay-opacity":"","overlay-gradient":""}},"ast-content-background-meta":{"desktop":{"background-color":"var(--ast-global-color-5)","background-image":"","background-repeat":"repeat","background-position":"center center","background-size":"auto","background-attachment":"scroll","background-type":"","background-media":"","overlay-type":"","overlay-color":"","overlay-opacity":"","overlay-gradient":""},"tablet":{"background-color":"var(--ast-global-color-5)","background-image":"","background-repeat":"repeat","background-position":"center center","background-size":"auto","background-attachment":"scroll","background-type":"","background-media":"","overlay-type":"","overlay-color":"","overlay-opacity":"","overlay-gradient":""},"mobile":{"background-color":"var(--ast-global-color-5)","background-image":"","background-repeat":"repeat","background-position":"center center","background-size":"auto","background-attachment":"scroll","background-type":"","background-media":"","overlay-type":"","overlay-color":"","overlay-opacity":"","overlay-gradient":""}},"footnotes":""},"class_list":["post-37","page","type-page","status-publish","hentry"],"yoast_head":"<!-- This site is optimized with the Yoast SEO plugin v27.3 - https:\/\/yoast.com\/product\/yoast-seo-wordpress\/ -->\n<title>AJS Reinigungsunternehmen OG - Reinigung ist Vertrauenssache!<\/title>\n<meta name=\"description\" content=\"Ihr Spezialst f\u00fcr Reinigung von Wohnh\u00e4user, B\u00fcros, Ordinationen, Privathaushalte, Sonderreinigungen sowie Gr\u00fcnfl\u00e4chenbetreuung.\" \/>\n<meta name=\"robots\" content=\"index, follow, max-snippet:-1, max-image-preview:large, max-video-preview:-1\" \/>\n<link rel=\"canonical\" href=\"https:\/\/ajs.co.at\/wordpress\/leistungen\/\" \/>\n<meta property=\"og:locale\" content=\"de_DE\" \/>\n<meta property=\"og:type\" content=\"article\" \/>\n<meta property=\"og:title\" content=\"AJS Reinigungsunternehmen OG - Reinigung ist Vertrauenssache!\" \/>\n<meta property=\"og:description\" content=\"Ihr Spezialst f\u00fcr Reinigung von Wohnh\u00e4user, B\u00fcros, Ordinationen, Privathaushalte, Sonderreinigungen sowie Gr\u00fcnfl\u00e4chenbetreuung.\" \/>\n<meta property=\"og:url\" content=\"https:\/\/ajs.co.at\/wordpress\/leistungen\/\" \/>\n<meta property=\"og:site_name\" content=\"AJS Reinigungsunternehmen OG\" \/>\n<meta property=\"article:modified_time\" content=\"2022-11-09T13:15:27+00:00\" \/>\n<meta property=\"og:image\" content=\"https:\/\/ajs.co.at\/wordpress\/wp-content\/uploads\/2022\/10\/leistungen1.jpg\" \/>\n<meta name=\"twitter:card\" content=\"summary_large_image\" \/>\n<meta name=\"twitter:label1\" content=\"Gesch\u00e4tzte Lesezeit\" \/>\n\t<meta name=\"twitter:data1\" content=\"3\u00a0Minuten\" \/>\n<script type=\"application\/ld+json\" class=\"yoast-schema-graph\">{\"@context\":\"https:\\\/\\\/schema.org\",\"@graph\":[{\"@type\":\"WebPage\",\"@id\":\"https:\\\/\\\/ajs.co.at\\\/wordpress\\\/leistungen\\\/\",\"url\":\"https:\\\/\\\/ajs.co.at\\\/wordpress\\\/leistungen\\\/\",\"name\":\"AJS Reinigungsunternehmen OG - Reinigung ist Vertrauenssache!\",\"isPartOf\":{\"@id\":\"https:\\\/\\\/ajs.co.at\\\/wordpress\\\/#website\"},\"primaryImageOfPage\":{\"@id\":\"https:\\\/\\\/ajs.co.at\\\/wordpress\\\/leistungen\\\/#primaryimage\"},\"image\":{\"@id\":\"https:\\\/\\\/ajs.co.at\\\/wordpress\\\/leistungen\\\/#primaryimage\"},\"thumbnailUrl\":\"https:\\\/\\\/ajs.co.at\\\/wordpress\\\/wp-content\\\/uploads\\\/2022\\\/10\\\/leistungen1.jpg\",\"datePublished\":\"2022-10-31T20:34:07+00:00\",\"dateModified\":\"2022-11-09T13:15:27+00:00\",\"description\":\"Ihr Spezialst f\u00fcr Reinigung von Wohnh\u00e4user, B\u00fcros, Ordinationen, Privathaushalte, Sonderreinigungen sowie Gr\u00fcnfl\u00e4chenbetreuung.\",\"breadcrumb\":{\"@id\":\"https:\\\/\\\/ajs.co.at\\\/wordpress\\\/leistungen\\\/#breadcrumb\"},\"inLanguage\":\"de\",\"potentialAction\":[{\"@type\":\"ReadAction\",\"target\":[\"https:\\\/\\\/ajs.co.at\\\/wordpress\\\/leistungen\\\/\"]}]},{\"@type\":\"ImageObject\",\"inLanguage\":\"de\",\"@id\":\"https:\\\/\\\/ajs.co.at\\\/wordpress\\\/leistungen\\\/#primaryimage\",\"url\":\"https:\\\/\\\/ajs.co.at\\\/wordpress\\\/wp-content\\\/uploads\\\/2022\\\/10\\\/leistungen1.jpg\",\"contentUrl\":\"https:\\\/\\\/ajs.co.at\\\/wordpress\\\/wp-content\\\/uploads\\\/2022\\\/10\\\/leistungen1.jpg\"},{\"@type\":\"BreadcrumbList\",\"@id\":\"https:\\\/\\\/ajs.co.at\\\/wordpress\\\/leistungen\\\/#breadcrumb\",\"itemListElement\":[{\"@type\":\"ListItem\",\"position\":1,\"name\":\"Startseite\",\"item\":\"https:\\\/\\\/ajs.co.at\\\/wordpress\\\/\"},{\"@type\":\"ListItem\",\"position\":2,\"name\":\"Leistungen\"}]},{\"@type\":\"WebSite\",\"@id\":\"https:\\\/\\\/ajs.co.at\\\/wordpress\\\/#website\",\"url\":\"https:\\\/\\\/ajs.co.at\\\/wordpress\\\/\",\"name\":\"AJS Reinigungsunternehmen OG\",\"description\":\"Reinigung ist Vertrauenssache!\",\"publisher\":{\"@id\":\"https:\\\/\\\/ajs.co.at\\\/wordpress\\\/#organization\"},\"potentialAction\":[{\"@type\":\"SearchAction\",\"target\":{\"@type\":\"EntryPoint\",\"urlTemplate\":\"https:\\\/\\\/ajs.co.at\\\/wordpress\\\/?s={search_term_string}\"},\"query-input\":{\"@type\":\"PropertyValueSpecification\",\"valueRequired\":true,\"valueName\":\"search_term_string\"}}],\"inLanguage\":\"de\"},{\"@type\":\"Organization\",\"@id\":\"https:\\\/\\\/ajs.co.at\\\/wordpress\\\/#organization\",\"name\":\"AJS Reinigungsunternehmen OG\",\"url\":\"https:\\\/\\\/ajs.co.at\\\/wordpress\\\/\",\"logo\":{\"@type\":\"ImageObject\",\"inLanguage\":\"de\",\"@id\":\"https:\\\/\\\/ajs.co.at\\\/wordpress\\\/#\\\/schema\\\/logo\\\/image\\\/\",\"url\":\"https:\\\/\\\/ajs.co.at\\\/wordpress\\\/wp-content\\\/uploads\\\/2022\\\/11\\\/AJS_Logo_ohne-Text_rgb.png\",\"contentUrl\":\"https:\\\/\\\/ajs.co.at\\\/wordpress\\\/wp-content\\\/uploads\\\/2022\\\/11\\\/AJS_Logo_ohne-Text_rgb.png\",\"width\":248,\"height\":149,\"caption\":\"AJS Reinigungsunternehmen OG\"},\"image\":{\"@id\":\"https:\\\/\\\/ajs.co.at\\\/wordpress\\\/#\\\/schema\\\/logo\\\/image\\\/\"}}]}<\/script>\n<!-- \/ Yoast SEO plugin. -->","yoast_head_json":{"title":"AJS Reinigungsunternehmen OG - Reinigung ist Vertrauenssache!","description":"Ihr Spezialst f\u00fcr Reinigung von Wohnh\u00e4user, B\u00fcros, Ordinationen, Privathaushalte, Sonderreinigungen sowie Gr\u00fcnfl\u00e4chenbetreuung.","robots":{"index":"index","follow":"follow","max-snippet":"max-snippet:-1","max-image-preview":"max-image-preview:large","max-video-preview":"max-video-preview:-1"},"canonical":"https:\/\/ajs.co.at\/wordpress\/leistungen\/","og_locale":"de_DE","og_type":"article","og_title":"AJS Reinigungsunternehmen OG - Reinigung ist Vertrauenssache!","og_description":"Ihr Spezialst f\u00fcr Reinigung von Wohnh\u00e4user, B\u00fcros, Ordinationen, Privathaushalte, Sonderreinigungen sowie Gr\u00fcnfl\u00e4chenbetreuung.","og_url":"https:\/\/ajs.co.at\/wordpress\/leistungen\/","og_site_name":"AJS Reinigungsunternehmen OG","article_modified_time":"2022-11-09T13:15:27+00:00","og_image":[{"url":"https:\/\/ajs.co.at\/wordpress\/wp-content\/uploads\/2022\/10\/leistungen1.jpg","type":"","width":"","height":""}],"twitter_card":"summary_large_image","twitter_misc":{"Gesch\u00e4tzte Lesezeit":"3\u00a0Minuten"},"schema":{"@context":"https:\/\/schema.org","@graph":[{"@type":"WebPage","@id":"https:\/\/ajs.co.at\/wordpress\/leistungen\/","url":"https:\/\/ajs.co.at\/wordpress\/leistungen\/","name":"AJS Reinigungsunternehmen OG - Reinigung ist Vertrauenssache!","isPartOf":{"@id":"https:\/\/ajs.co.at\/wordpress\/#website"},"primaryImageOfPage":{"@id":"https:\/\/ajs.co.at\/wordpress\/leistungen\/#primaryimage"},"image":{"@id":"https:\/\/ajs.co.at\/wordpress\/leistungen\/#primaryimage"},"thumbnailUrl":"https:\/\/ajs.co.at\/wordpress\/wp-content\/uploads\/2022\/10\/leistungen1.jpg","datePublished":"2022-10-31T20:34:07+00:00","dateModified":"2022-11-09T13:15:27+00:00","description":"Ihr Spezialst f\u00fcr Reinigung von Wohnh\u00e4user, B\u00fcros, Ordinationen, Privathaushalte, Sonderreinigungen sowie Gr\u00fcnfl\u00e4chenbetreuung.","breadcrumb":{"@id":"https:\/\/ajs.co.at\/wordpress\/leistungen\/#breadcrumb"},"inLanguage":"de","potentialAction":[{"@type":"ReadAction","target":["https:\/\/ajs.co.at\/wordpress\/leistungen\/"]}]},{"@type":"ImageObject","inLanguage":"de","@id":"https:\/\/ajs.co.at\/wordpress\/leistungen\/#primaryimage","url":"https:\/\/ajs.co.at\/wordpress\/wp-content\/uploads\/2022\/10\/leistungen1.jpg","contentUrl":"https:\/\/ajs.co.at\/wordpress\/wp-content\/uploads\/2022\/10\/leistungen1.jpg"},{"@type":"BreadcrumbList","@id":"https:\/\/ajs.co.at\/wordpress\/leistungen\/#breadcrumb","itemListElement":[{"@type":"ListItem","position":1,"name":"Startseite","item":"https:\/\/ajs.co.at\/wordpress\/"},{"@type":"ListItem","position":2,"name":"Leistungen"}]},{"@type":"WebSite","@id":"https:\/\/ajs.co.at\/wordpress\/#website","url":"https:\/\/ajs.co.at\/wordpress\/","name":"AJS Reinigungsunternehmen OG","description":"Reinigung ist Vertrauenssache!","publisher":{"@id":"https:\/\/ajs.co.at\/wordpress\/#organization"},"potentialAction":[{"@type":"SearchAction","target":{"@type":"EntryPoint","urlTemplate":"https:\/\/ajs.co.at\/wordpress\/?s={search_term_string}"},"query-input":{"@type":"PropertyValueSpecification","valueRequired":true,"valueName":"search_term_string"}}],"inLanguage":"de"},{"@type":"Organization","@id":"https:\/\/ajs.co.at\/wordpress\/#organization","name":"AJS Reinigungsunternehmen OG","url":"https:\/\/ajs.co.at\/wordpress\/","logo":{"@type":"ImageObject","inLanguage":"de","@id":"https:\/\/ajs.co.at\/wordpress\/#\/schema\/logo\/image\/","url":"https:\/\/ajs.co.at\/wordpress\/wp-content\/uploads\/2022\/11\/AJS_Logo_ohne-Text_rgb.png","contentUrl":"https:\/\/ajs.co.at\/wordpress\/wp-content\/uploads\/2022\/11\/AJS_Logo_ohne-Text_rgb.png","width":248,"height":149,"caption":"AJS Reinigungsunternehmen OG"},"image":{"@id":"https:\/\/ajs.co.at\/wordpress\/#\/schema\/logo\/image\/"}}]}},"_links":{"self":[{"href":"https:\/\/ajs.co.at\/wordpress\/wp-json\/wp\/v2\/pages\/37","targetHints":{"allow":["GET"]}}],"collection":[{"href":"https:\/\/ajs.co.at\/wordpress\/wp-json\/wp\/v2\/pages"}],"about":[{"href":"https:\/\/ajs.co.at\/wordpress\/wp-json\/wp\/v2\/types\/page"}],"author":[{"embeddable":true,"href":"https:\/\/ajs.co.at\/wordpress\/wp-json\/wp\/v2\/users\/1"}],"replies":[{"embeddable":true,"href":"https:\/\/ajs.co.at\/wordpress\/wp-json\/wp\/v2\/comments?post=37"}],"version-history":[{"count":3,"href":"https:\/\/ajs.co.at\/wordpress\/wp-json\/wp\/v2\/pages\/37\/revisions"}],"predecessor-version":[{"id":134,"href":"https:\/\/ajs.co.at\/wordpress\/wp-json\/wp\/v2\/pages\/37\/revisions\/134"}],"wp:attachment":[{"href":"https:\/\/ajs.co.at\/wordpress\/wp-json\/wp\/v2\/media?parent=37"}],"curies":[{"name":"wp","href":"https:\/\/api.w.org\/{rel}","templated":true}]}}