{"id":31,"date":"2022-10-31T20:28:18","date_gmt":"2022-10-31T20:28:18","guid":{"rendered":"https:\/\/ajs.co.at\/wordpress\/?page_id=31"},"modified":"2022-11-09T13:14:03","modified_gmt":"2022-11-09T13:14:03","slug":"31-2","status":"publish","type":"page","link":"https:\/\/ajs.co.at\/wordpress\/","title":{"rendered":"Startseite"},"content":{"rendered":"\n<div class=\"wp-block-media-text alignwide is-stacked-on-mobile is-image-fill is-style-rounded\"><figure class=\"wp-block-media-text__media\" style=\"background-image:url(https:\/\/ajs.co.at\/wordpress\/wp-content\/uploads\/2022\/10\/home.jpg);background-position:50% 50%\"><img loading=\"lazy\" decoding=\"async\" width=\"700\" height=\"857\" src=\"https:\/\/ajs.co.at\/wordpress\/wp-content\/uploads\/2022\/10\/home.jpg\" alt=\"\" class=\"wp-image-13 size-full\" srcset=\"https:\/\/ajs.co.at\/wordpress\/wp-content\/uploads\/2022\/10\/home.jpg 700w, https:\/\/ajs.co.at\/wordpress\/wp-content\/uploads\/2022\/10\/home-245x300.jpg 245w\" sizes=\"auto, (max-width: 700px) 100vw, 700px\" \/><\/figure><div class=\"wp-block-media-text__content\">\n<p class=\"has-text-align-center has-medium-font-size\"><strong>Willkommen bei<br>AJS Reinigungsunternehmen OG<\/strong><\/p>\n\n\n\n<div style=\"height:100px\" aria-hidden=\"true\" class=\"wp-block-spacer\"><\/div>\n\n\n\n<hr class=\"wp-block-separator has-alpha-channel-opacity is-style-default\"\/>\n\n\n\n<div style=\"height:100px\" aria-hidden=\"true\" class=\"wp-block-spacer\"><\/div>\n\n\n\n<p class=\"has-text-align-center\">Am Heumarkt 7\/5\/47 1030 Wien<br><strong>Tel.:<\/strong>&nbsp;+43 664 5102018<br><strong>Fax:<\/strong> +43 1 96 65 071<br>Mail:&nbsp;<a href=\"&#x6d;&#97;&#x69;&#x6c;t&#x6f;&#58;o&#x66;&#102;i&#x63;&#101;&#x40;&#x61;j&#x73;&#46;c&#x6f;&#46;a&#x74;\">&#111;&#x66;f&#105;&#x63;e&#64;&#x61;j&#x73;&#x2e;&#99;&#x6f;&#46;&#97;&#x74;<\/a><\/p>\n<\/div><\/div>\n","protected":false},"excerpt":{"rendered":"","protected":false},"author":1,"featured_media":0,"parent":0,"menu_order":0,"comment_status":"closed","ping_status":"closed","template":"","meta":{"site-sidebar-layout":"default","site-content-layout":"","ast-site-content-layout":"default","site-content-style":"default","site-sidebar-style":"default","ast-global-header-display":"","ast-banner-title-visibility":"","ast-main-header-display":"","ast-hfb-above-header-display":"","ast-hfb-below-header-display":"","ast-hfb-mobile-header-display":"","site-post-title":"disabled","ast-breadcrumbs-content":"","ast-featured-img":"","footer-sml-layout":"","ast-disable-related-posts":"","theme-transparent-header-meta":"","adv-header-id-meta":"","stick-header-meta":"","header-above-stick-meta":"","header-main-stick-meta":"","header-below-stick-meta":"","astra-migrate-meta-layouts":"default","ast-page-background-enabled":"default","ast-page-background-meta":{"desktop":{"background-color":"var(--ast-global-color-4)","background-image":"","background-repeat":"repeat","background-position":"center center","background-size":"auto","background-attachment":"scroll","background-type":"","background-media":"","overlay-type":"","overlay-color":"","overlay-opacity":"","overlay-gradient":""},"tablet":{"background-color":"","background-image":"","background-repeat":"repeat","background-position":"center center","background-size":"auto","background-attachment":"scroll","background-type":"","background-media":"","overlay-type":"","overlay-color":"","overlay-opacity":"","overlay-gradient":""},"mobile":{"background-color":"","background-image":"","background-repeat":"repeat","background-position":"center center","background-size":"auto","background-attachment":"scroll","background-type":"","background-media":"","overlay-type":"","overlay-color":"","overlay-opacity":"","overlay-gradient":""}},"ast-content-background-meta":{"desktop":{"background-color":"var(--ast-global-color-5)","background-image":"","background-repeat":"repeat","background-position":"center center","background-size":"auto","background-attachment":"scroll","background-type":"","background-media":"","overlay-type":"","overlay-color":"","overlay-opacity":"","overlay-gradient":""},"tablet":{"background-color":"var(--ast-global-color-5)","background-image":"","background-repeat":"repeat","background-position":"center center","background-size":"auto","background-attachment":"scroll","background-type":"","background-media":"","overlay-type":"","overlay-color":"","overlay-opacity":"","overlay-gradient":""},"mobile":{"background-color":"var(--ast-global-color-5)","background-image":"","background-repeat":"repeat","background-position":"center center","background-size":"auto","background-attachment":"scroll","background-type":"","background-media":"","overlay-type":"","overlay-color":"","overlay-opacity":"","overlay-gradient":""}},"footnotes":""},"class_list":["post-31","page","type-page","status-publish","hentry"],"yoast_head":"<!-- This site is optimized with the Yoast SEO plugin v27.3 - https:\/\/yoast.com\/product\/yoast-seo-wordpress\/ -->\n<title>AJS Reinigungsunternehmen OG - Reinigung ist Vertrauenssache!<\/title>\n<meta name=\"description\" content=\"Ihr Spezialst f\u00fcr Reinigung von Wohnh\u00e4user, B\u00fcros, Ordinationen, Privathaushalte, Sonderreinigungen sowie Gr\u00fcnfl\u00e4chenbetreuung.\" \/>\n<meta name=\"robots\" content=\"index, follow, max-snippet:-1, max-image-preview:large, max-video-preview:-1\" \/>\n<link rel=\"canonical\" href=\"https:\/\/ajs.co.at\/wordpress\/\" \/>\n<meta property=\"og:locale\" content=\"de_DE\" \/>\n<meta property=\"og:type\" content=\"article\" \/>\n<meta property=\"og:title\" content=\"AJS Reinigungsunternehmen OG - Reinigung ist Vertrauenssache!\" \/>\n<meta property=\"og:description\" content=\"Ihr Spezialst f\u00fcr Reinigung von Wohnh\u00e4user, B\u00fcros, Ordinationen, Privathaushalte, Sonderreinigungen sowie Gr\u00fcnfl\u00e4chenbetreuung.\" \/>\n<meta property=\"og:url\" content=\"https:\/\/ajs.co.at\/wordpress\/\" \/>\n<meta property=\"og:site_name\" content=\"AJS Reinigungsunternehmen OG\" \/>\n<meta property=\"article:modified_time\" content=\"2022-11-09T13:14:03+00:00\" \/>\n<meta property=\"og:image\" content=\"https:\/\/ajs.co.at\/wordpress\/wp-content\/uploads\/2022\/10\/home.jpg\" \/>\n<meta name=\"twitter:card\" content=\"summary_large_image\" \/>\n<meta name=\"twitter:label1\" content=\"Gesch\u00e4tzte Lesezeit\" \/>\n\t<meta name=\"twitter:data1\" content=\"1\u00a0Minute\" \/>\n<script type=\"application\/ld+json\" class=\"yoast-schema-graph\">{\"@context\":\"https:\\\/\\\/schema.org\",\"@graph\":[{\"@type\":\"Article\",\"@id\":\"https:\\\/\\\/ajs.co.at\\\/wordpress\\\/#article\",\"isPartOf\":{\"@id\":\"https:\\\/\\\/ajs.co.at\\\/wordpress\\\/\"},\"author\":{\"name\":\"admin\",\"@id\":\"https:\\\/\\\/ajs.co.at\\\/wordpress\\\/#\\\/schema\\\/person\\\/f2c7d9d08d27b3cdde4273d120a30809\"},\"headline\":\"Startseite\",\"datePublished\":\"2022-10-31T20:28:18+00:00\",\"dateModified\":\"2022-11-09T13:14:03+00:00\",\"mainEntityOfPage\":{\"@id\":\"https:\\\/\\\/ajs.co.at\\\/wordpress\\\/\"},\"wordCount\":17,\"publisher\":{\"@id\":\"https:\\\/\\\/ajs.co.at\\\/wordpress\\\/#organization\"},\"image\":{\"@id\":\"https:\\\/\\\/ajs.co.at\\\/wordpress\\\/#primaryimage\"},\"thumbnailUrl\":\"https:\\\/\\\/ajs.co.at\\\/wordpress\\\/wp-content\\\/uploads\\\/2022\\\/10\\\/home.jpg\",\"inLanguage\":\"de\"},{\"@type\":\"WebPage\",\"@id\":\"https:\\\/\\\/ajs.co.at\\\/wordpress\\\/\",\"url\":\"https:\\\/\\\/ajs.co.at\\\/wordpress\\\/\",\"name\":\"AJS Reinigungsunternehmen OG - Reinigung ist Vertrauenssache!\",\"isPartOf\":{\"@id\":\"https:\\\/\\\/ajs.co.at\\\/wordpress\\\/#website\"},\"primaryImageOfPage\":{\"@id\":\"https:\\\/\\\/ajs.co.at\\\/wordpress\\\/#primaryimage\"},\"image\":{\"@id\":\"https:\\\/\\\/ajs.co.at\\\/wordpress\\\/#primaryimage\"},\"thumbnailUrl\":\"https:\\\/\\\/ajs.co.at\\\/wordpress\\\/wp-content\\\/uploads\\\/2022\\\/10\\\/home.jpg\",\"datePublished\":\"2022-10-31T20:28:18+00:00\",\"dateModified\":\"2022-11-09T13:14:03+00:00\",\"description\":\"Ihr Spezialst f\u00fcr Reinigung von Wohnh\u00e4user, B\u00fcros, Ordinationen, Privathaushalte, Sonderreinigungen sowie Gr\u00fcnfl\u00e4chenbetreuung.\",\"breadcrumb\":{\"@id\":\"https:\\\/\\\/ajs.co.at\\\/wordpress\\\/#breadcrumb\"},\"inLanguage\":\"de\",\"potentialAction\":[{\"@type\":\"ReadAction\",\"target\":[\"https:\\\/\\\/ajs.co.at\\\/wordpress\\\/\"]}]},{\"@type\":\"ImageObject\",\"inLanguage\":\"de\",\"@id\":\"https:\\\/\\\/ajs.co.at\\\/wordpress\\\/#primaryimage\",\"url\":\"https:\\\/\\\/ajs.co.at\\\/wordpress\\\/wp-content\\\/uploads\\\/2022\\\/10\\\/home.jpg\",\"contentUrl\":\"https:\\\/\\\/ajs.co.at\\\/wordpress\\\/wp-content\\\/uploads\\\/2022\\\/10\\\/home.jpg\"},{\"@type\":\"BreadcrumbList\",\"@id\":\"https:\\\/\\\/ajs.co.at\\\/wordpress\\\/#breadcrumb\",\"itemListElement\":[{\"@type\":\"ListItem\",\"position\":1,\"name\":\"Startseite\",\"item\":\"https:\\\/\\\/ajs.co.at\\\/wordpress\\\/\"},{\"@type\":\"ListItem\",\"position\":2,\"name\":\"Startseite\"}]},{\"@type\":\"WebSite\",\"@id\":\"https:\\\/\\\/ajs.co.at\\\/wordpress\\\/#website\",\"url\":\"https:\\\/\\\/ajs.co.at\\\/wordpress\\\/\",\"name\":\"AJS Reinigungsunternehmen OG\",\"description\":\"Reinigung ist Vertrauenssache!\",\"publisher\":{\"@id\":\"https:\\\/\\\/ajs.co.at\\\/wordpress\\\/#organization\"},\"potentialAction\":[{\"@type\":\"SearchAction\",\"target\":{\"@type\":\"EntryPoint\",\"urlTemplate\":\"https:\\\/\\\/ajs.co.at\\\/wordpress\\\/?s={search_term_string}\"},\"query-input\":{\"@type\":\"PropertyValueSpecification\",\"valueRequired\":true,\"valueName\":\"search_term_string\"}}],\"inLanguage\":\"de\"},{\"@type\":\"Organization\",\"@id\":\"https:\\\/\\\/ajs.co.at\\\/wordpress\\\/#organization\",\"name\":\"AJS Reinigungsunternehmen OG\",\"url\":\"https:\\\/\\\/ajs.co.at\\\/wordpress\\\/\",\"logo\":{\"@type\":\"ImageObject\",\"inLanguage\":\"de\",\"@id\":\"https:\\\/\\\/ajs.co.at\\\/wordpress\\\/#\\\/schema\\\/logo\\\/image\\\/\",\"url\":\"https:\\\/\\\/ajs.co.at\\\/wordpress\\\/wp-content\\\/uploads\\\/2022\\\/11\\\/AJS_Logo_ohne-Text_rgb.png\",\"contentUrl\":\"https:\\\/\\\/ajs.co.at\\\/wordpress\\\/wp-content\\\/uploads\\\/2022\\\/11\\\/AJS_Logo_ohne-Text_rgb.png\",\"width\":248,\"height\":149,\"caption\":\"AJS Reinigungsunternehmen OG\"},\"image\":{\"@id\":\"https:\\\/\\\/ajs.co.at\\\/wordpress\\\/#\\\/schema\\\/logo\\\/image\\\/\"}},{\"@type\":\"Person\",\"@id\":\"https:\\\/\\\/ajs.co.at\\\/wordpress\\\/#\\\/schema\\\/person\\\/f2c7d9d08d27b3cdde4273d120a30809\",\"name\":\"admin\",\"sameAs\":[\"https:\\\/\\\/ajs.co.at\\\/wordpress\"],\"url\":\"https:\\\/\\\/ajs.co.at\\\/wordpress\\\/author\\\/office_acojdkye\\\/\"}]}<\/script>\n<!-- \/ Yoast SEO plugin. -->","yoast_head_json":{"title":"AJS Reinigungsunternehmen OG - Reinigung ist Vertrauenssache!","description":"Ihr Spezialst f\u00fcr Reinigung von Wohnh\u00e4user, B\u00fcros, Ordinationen, Privathaushalte, Sonderreinigungen sowie Gr\u00fcnfl\u00e4chenbetreuung.","robots":{"index":"index","follow":"follow","max-snippet":"max-snippet:-1","max-image-preview":"max-image-preview:large","max-video-preview":"max-video-preview:-1"},"canonical":"https:\/\/ajs.co.at\/wordpress\/","og_locale":"de_DE","og_type":"article","og_title":"AJS Reinigungsunternehmen OG - Reinigung ist Vertrauenssache!","og_description":"Ihr Spezialst f\u00fcr Reinigung von Wohnh\u00e4user, B\u00fcros, Ordinationen, Privathaushalte, Sonderreinigungen sowie Gr\u00fcnfl\u00e4chenbetreuung.","og_url":"https:\/\/ajs.co.at\/wordpress\/","og_site_name":"AJS Reinigungsunternehmen OG","article_modified_time":"2022-11-09T13:14:03+00:00","og_image":[{"url":"https:\/\/ajs.co.at\/wordpress\/wp-content\/uploads\/2022\/10\/home.jpg","type":"","width":"","height":""}],"twitter_card":"summary_large_image","twitter_misc":{"Gesch\u00e4tzte Lesezeit":"1\u00a0Minute"},"schema":{"@context":"https:\/\/schema.org","@graph":[{"@type":"Article","@id":"https:\/\/ajs.co.at\/wordpress\/#article","isPartOf":{"@id":"https:\/\/ajs.co.at\/wordpress\/"},"author":{"name":"admin","@id":"https:\/\/ajs.co.at\/wordpress\/#\/schema\/person\/f2c7d9d08d27b3cdde4273d120a30809"},"headline":"Startseite","datePublished":"2022-10-31T20:28:18+00:00","dateModified":"2022-11-09T13:14:03+00:00","mainEntityOfPage":{"@id":"https:\/\/ajs.co.at\/wordpress\/"},"wordCount":17,"publisher":{"@id":"https:\/\/ajs.co.at\/wordpress\/#organization"},"image":{"@id":"https:\/\/ajs.co.at\/wordpress\/#primaryimage"},"thumbnailUrl":"https:\/\/ajs.co.at\/wordpress\/wp-content\/uploads\/2022\/10\/home.jpg","inLanguage":"de"},{"@type":"WebPage","@id":"https:\/\/ajs.co.at\/wordpress\/","url":"https:\/\/ajs.co.at\/wordpress\/","name":"AJS Reinigungsunternehmen OG - Reinigung ist Vertrauenssache!","isPartOf":{"@id":"https:\/\/ajs.co.at\/wordpress\/#website"},"primaryImageOfPage":{"@id":"https:\/\/ajs.co.at\/wordpress\/#primaryimage"},"image":{"@id":"https:\/\/ajs.co.at\/wordpress\/#primaryimage"},"thumbnailUrl":"https:\/\/ajs.co.at\/wordpress\/wp-content\/uploads\/2022\/10\/home.jpg","datePublished":"2022-10-31T20:28:18+00:00","dateModified":"2022-11-09T13:14:03+00:00","description":"Ihr Spezialst f\u00fcr Reinigung von Wohnh\u00e4user, B\u00fcros, Ordinationen, Privathaushalte, Sonderreinigungen sowie Gr\u00fcnfl\u00e4chenbetreuung.","breadcrumb":{"@id":"https:\/\/ajs.co.at\/wordpress\/#breadcrumb"},"inLanguage":"de","potentialAction":[{"@type":"ReadAction","target":["https:\/\/ajs.co.at\/wordpress\/"]}]},{"@type":"ImageObject","inLanguage":"de","@id":"https:\/\/ajs.co.at\/wordpress\/#primaryimage","url":"https:\/\/ajs.co.at\/wordpress\/wp-content\/uploads\/2022\/10\/home.jpg","contentUrl":"https:\/\/ajs.co.at\/wordpress\/wp-content\/uploads\/2022\/10\/home.jpg"},{"@type":"BreadcrumbList","@id":"https:\/\/ajs.co.at\/wordpress\/#breadcrumb","itemListElement":[{"@type":"ListItem","position":1,"name":"Startseite","item":"https:\/\/ajs.co.at\/wordpress\/"},{"@type":"ListItem","position":2,"name":"Startseite"}]},{"@type":"WebSite","@id":"https:\/\/ajs.co.at\/wordpress\/#website","url":"https:\/\/ajs.co.at\/wordpress\/","name":"AJS Reinigungsunternehmen OG","description":"Reinigung ist Vertrauenssache!","publisher":{"@id":"https:\/\/ajs.co.at\/wordpress\/#organization"},"potentialAction":[{"@type":"SearchAction","target":{"@type":"EntryPoint","urlTemplate":"https:\/\/ajs.co.at\/wordpress\/?s={search_term_string}"},"query-input":{"@type":"PropertyValueSpecification","valueRequired":true,"valueName":"search_term_string"}}],"inLanguage":"de"},{"@type":"Organization","@id":"https:\/\/ajs.co.at\/wordpress\/#organization","name":"AJS Reinigungsunternehmen OG","url":"https:\/\/ajs.co.at\/wordpress\/","logo":{"@type":"ImageObject","inLanguage":"de","@id":"https:\/\/ajs.co.at\/wordpress\/#\/schema\/logo\/image\/","url":"https:\/\/ajs.co.at\/wordpress\/wp-content\/uploads\/2022\/11\/AJS_Logo_ohne-Text_rgb.png","contentUrl":"https:\/\/ajs.co.at\/wordpress\/wp-content\/uploads\/2022\/11\/AJS_Logo_ohne-Text_rgb.png","width":248,"height":149,"caption":"AJS Reinigungsunternehmen OG"},"image":{"@id":"https:\/\/ajs.co.at\/wordpress\/#\/schema\/logo\/image\/"}},{"@type":"Person","@id":"https:\/\/ajs.co.at\/wordpress\/#\/schema\/person\/f2c7d9d08d27b3cdde4273d120a30809","name":"admin","sameAs":["https:\/\/ajs.co.at\/wordpress"],"url":"https:\/\/ajs.co.at\/wordpress\/author\/office_acojdkye\/"}]}},"_links":{"self":[{"href":"https:\/\/ajs.co.at\/wordpress\/wp-json\/wp\/v2\/pages\/31","targetHints":{"allow":["GET"]}}],"collection":[{"href":"https:\/\/ajs.co.at\/wordpress\/wp-json\/wp\/v2\/pages"}],"about":[{"href":"https:\/\/ajs.co.at\/wordpress\/wp-json\/wp\/v2\/types\/page"}],"author":[{"embeddable":true,"href":"https:\/\/ajs.co.at\/wordpress\/wp-json\/wp\/v2\/users\/1"}],"replies":[{"embeddable":true,"href":"https:\/\/ajs.co.at\/wordpress\/wp-json\/wp\/v2\/comments?post=31"}],"version-history":[{"count":16,"href":"https:\/\/ajs.co.at\/wordpress\/wp-json\/wp\/v2\/pages\/31\/revisions"}],"predecessor-version":[{"id":146,"href":"https:\/\/ajs.co.at\/wordpress\/wp-json\/wp\/v2\/pages\/31\/revisions\/146"}],"wp:attachment":[{"href":"https:\/\/ajs.co.at\/wordpress\/wp-json\/wp\/v2\/media?parent=31"}],"curies":[{"name":"wp","href":"https:\/\/api.w.org\/{rel}","templated":true}]}}